{"id":9,"date":"2018-04-19T19:36:50","date_gmt":"2018-04-19T19:36:50","guid":{"rendered":"https:\/\/flugbegleiter-recordings.de\/?page_id=9"},"modified":"2021-06-30T17:02:42","modified_gmt":"2021-06-30T17:02:42","slug":"ueber-mich","status":"publish","type":"page","link":"https:\/\/flugbegleiter-recordings.de\/?page_id=9","title":{"rendered":"Bio"},"content":{"rendered":"<hr \/>\n<p><span style=\"color: #99ccff;\">Der progressive Psytrance-Act Flugbegleiter wurde im Jahr 2004 vom Audio Engineer\u00a0 Alexander Rothenberg (damals Alexander Wuttke-Schulz) gegr\u00fcndet und anfangs von Hamburger DJ Jeff mit viel Einsatz unterst\u00fctzt und begleitet. Dank der Kontakte Jeffs folgten bald erste Auftritte in der lokalen Hamburger Szene wie beispielsweise bei OV-Silence im damaligen Club Traxx. <\/span><span style=\"color: #99ccff;\">\u00a0Im Jahr 2006 ver\u00f6ffentlichte Alex, nunmehr Einzelk\u00e4mpfer im Studio, Flugbegleiters Deb\u00fct-Album &#8222;Pilotfilm&#8220;.<\/span><\/p>\n<p><span style=\"color: #99ccff;\"> Der Mix aus Progressive Trance und Psytrance wurde von eigenen Label Flugbegleiter Recordings und dem damaligen Vertriebs-Genre-Spezialisten Cosmophilia zigtausend Mal an Frau und Mann gebracht und von der Presse sehr gelobt. Die wohlgesonnenen Vergleiche reichten von Gaudium \u00fcber Andromeda bis hin zu &#8222;Headcleaner&#8220;-Soundguru Atmos, der damals zu Recht das Ma\u00df aller Dinge war. Viele genrefremde Zeitschriften wurden ebenfalls auf den Sound aufmerksam, der sich beileibe nicht nur f\u00fcr die Electronica-Szene empfahl.<\/span><\/p>\n<p><span style=\"color: #99ccff;\">Es folgten zahlreiche Auftritte in Clubs und auf den ganz gro\u00dfen Festivals wie Antaris Project, Full-Moon-Festival, Wonderland, Reisefieber, Summer Never Ends, Shankra Festival, sp\u00e4ter oftmals unterst\u00fctzt von Alex&#8216; Freund und Musiker DJ Jojo, der vor allem bei Live-Auftritten hilfreich an den Drehern mitschraubte, aber auch im Studio ein paar Jahre kreativ mitwirkte.<\/span><\/p>\n<p><span style=\"color: #99ccff;\">Ab 2010 musste es Alex wesentlich ruhiger angehen. Mit der Geburt einer gesunden Tochter war nicht mehr an das &#8222;spezielle Leben<\/span><span style=\"color: #99ccff;\">&#8220; im Studio und auf den gro\u00dfen B\u00fchnen zu denken. Bis auf ein letztes w\u00f6chentliches Treffen im Studio mit Jojo und einzelne wenige coole Festivals wie dem SNEF oder dem Shankra, bei denen man einfach nicht &#8222;Nein&#8220; sagen konnte, war bis 2021 mehr als eine Dekade Papa-Pause angesagt. Seit Januar 2021 gehen nun endlich wieder ganz neue Tracks an den Start, und es wird im neuen Flugbegleiter-Hi-End-Studio viel Skizzenmaterial zu zeitgem\u00e4\u00df produzierten Songs geformt und ausformuliert, das in der Zeit mit Jojo entstanden ist. (Jojo musste das Projekt 2015 wegen eines Umzugs weg aus Hamburg verlassen, hat aber viele sch\u00f6ne Ideen mit eingebracht, die noch immer nachwirken).\u00a0 Es geht\u00a0 also mit voller Kraft wieder voran. Lasst Euch \u00fcberraschen!<\/span><\/p>\n","protected":false},"excerpt":{"rendered":"<p>Der progressive Psytrance-Act Flugbegleiter wurde im Jahr 2004 vom Audio Engineer\u00a0 Alexander Rothenberg (damals Alexander Wuttke-Schulz) gegr\u00fcndet und anfangs von Hamburger DJ Jeff mit viel Einsatz unterst\u00fctzt und begleitet. Dank der Kontakte Jeffs folgten bald erste Auftritte in der lokalen Hamburger Szene wie beispielsweise bei OV-Silence im damaligen Club Traxx. \u00a0Im Jahr 2006 ver\u00f6ffentlichte Alex, &hellip; <\/p>\n<p class=\"link-more\"><a href=\"https:\/\/flugbegleiter-recordings.de\/?page_id=9\" class=\"more-link\"><span class=\"screen-reader-text\">\u201eBio\u201c<\/span> weiterlesen<\/a><\/p>\n","protected":false},"author":1,"featured_media":0,"parent":0,"menu_order":0,"comment_status":"closed","ping_status":"closed","template":"","meta":{"footnotes":""},"class_list":["post-9","page","type-page","status-publish","hentry"],"aioseo_notices":[],"_links":{"self":[{"href":"https:\/\/flugbegleiter-recordings.de\/index.php?rest_route=\/wp\/v2\/pages\/9"}],"collection":[{"href":"https:\/\/flugbegleiter-recordings.de\/index.php?rest_route=\/wp\/v2\/pages"}],"about":[{"href":"https:\/\/flugbegleiter-recordings.de\/index.php?rest_route=\/wp\/v2\/types\/page"}],"author":[{"embeddable":true,"href":"https:\/\/flugbegleiter-recordings.de\/index.php?rest_route=\/wp\/v2\/users\/1"}],"replies":[{"embeddable":true,"href":"https:\/\/flugbegleiter-recordings.de\/index.php?rest_route=%2Fwp%2Fv2%2Fcomments&post=9"}],"version-history":[{"count":10,"href":"https:\/\/flugbegleiter-recordings.de\/index.php?rest_route=\/wp\/v2\/pages\/9\/revisions"}],"predecessor-version":[{"id":242,"href":"https:\/\/flugbegleiter-recordings.de\/index.php?rest_route=\/wp\/v2\/pages\/9\/revisions\/242"}],"wp:attachment":[{"href":"https:\/\/flugbegleiter-recordings.de\/index.php?rest_route=%2Fwp%2Fv2%2Fmedia&parent=9"}],"curies":[{"name":"wp","href":"https:\/\/api.w.org\/{rel}","templated":true}]}}